{"id":212,"date":"2024-07-30T10:20:35","date_gmt":"2024-07-30T10:20:35","guid":{"rendered":"https:\/\/sharp-torvalds.54-37-155-209.plesk.page\/?page_id=212"},"modified":"2025-11-10T14:13:34","modified_gmt":"2025-11-10T14:13:34","slug":"mentions-legales","status":"publish","type":"page","link":"https:\/\/murielchazalon.fr\/index.php\/mentions-legales\/","title":{"rendered":"Mentions l\u00e9gales"},"content":{"rendered":"\t\t<div data-elementor-type=\"wp-page\" data-elementor-id=\"212\" class=\"elementor elementor-212\" data-elementor-post-type=\"page\">\n\t\t\t\t<div class=\"elementor-element elementor-element-1d03cd2a e-con-full e-flex e-con e-parent\" data-id=\"1d03cd2a\" data-element_type=\"container\" data-settings=\"{&quot;background_background&quot;:&quot;gradient&quot;}\">\n\t\t<div class=\"elementor-element elementor-element-1aafc97e e-con-full e-flex e-con e-child\" data-id=\"1aafc97e\" data-element_type=\"container\">\n\t\t\t\t<div class=\"elementor-element elementor-element-68845625 elementor-widget__width-inherit elementor-invisible elementor-widget elementor-widget-heading\" data-id=\"68845625\" data-element_type=\"widget\" data-settings=\"{&quot;_animation&quot;:&quot;fadeIn&quot;}\" data-widget_type=\"heading.default\">\n\t\t\t\t<div class=\"elementor-widget-container\">\n\t\t\t\t\t<h1 class=\"elementor-heading-title elementor-size-default\">Mentions l\u00e9gales<\/h1>\t\t\t\t<\/div>\n\t\t\t\t<\/div>\n\t\t\t\t<div class=\"elementor-element elementor-element-1f81e082 elementor-widget__width-inherit elementor-widget-tablet__width-inherit elementor-widget elementor-widget-heading\" data-id=\"1f81e082\" data-element_type=\"widget\" data-widget_type=\"heading.default\">\n\t\t\t\t<div class=\"elementor-widget-container\">\n\t\t\t\t\t<h3 class=\"elementor-heading-title elementor-size-default\">Pr\u00e9sentation du site<\/h3>\t\t\t\t<\/div>\n\t\t\t\t<\/div>\n\t\t\t\t<div class=\"elementor-element elementor-element-50c48fbe elementor-widget__width-inherit elementor-widget-tablet__width-inherit elementor-widget elementor-widget-text-editor\" data-id=\"50c48fbe\" data-element_type=\"widget\" data-widget_type=\"text-editor.default\">\n\t\t\t\t<div class=\"elementor-widget-container\">\n\t\t\t\t\t\t\t\t\t<p>Le pr\u00e9sent site\u00a0<a href=\"https:\/\/murielchazalon.fr\">https:\/\/murielchazalon.fr<\/a> est la propri\u00e9t\u00e9 de l&rsquo;entreprise individuelle Muriel Chazalon sous le num\u00e9ro SIREN 404 096 984 et dont le si\u00e8ge social est situ\u00e9 au 15 rue du Bout Corneret, 28210 Faverolles.<\/p>\t\t\t\t\t\t\t\t<\/div>\n\t\t\t\t<\/div>\n\t\t\t\t<div class=\"elementor-element elementor-element-576082d8 elementor-widget__width-inherit elementor-widget-tablet__width-inherit elementor-widget elementor-widget-heading\" data-id=\"576082d8\" data-element_type=\"widget\" data-widget_type=\"heading.default\">\n\t\t\t\t<div class=\"elementor-widget-container\">\n\t\t\t\t\t<h4 class=\"elementor-heading-title elementor-size-default\">Directeur de la publication<\/h4>\t\t\t\t<\/div>\n\t\t\t\t<\/div>\n\t\t\t\t<div class=\"elementor-element elementor-element-36b0b104 elementor-widget__width-inherit elementor-widget-tablet__width-inherit elementor-widget elementor-widget-text-editor\" data-id=\"36b0b104\" data-element_type=\"widget\" data-widget_type=\"text-editor.default\">\n\t\t\t\t<div class=\"elementor-widget-container\">\n\t\t\t\t\t\t\t\t\t<p>Muriel Chazalon<\/p>\n<p>Si\u00e8ge social :<br>15 rue du Bout Corneret<br>28210 Faverolles<\/p>\n<p>SIRET : 404 096 00053<\/p>\n<p>E-mail : chazalonmuriel@gmail.com<\/p>\n<p>SIREN : 404 096 984<\/p>\n<p>Directeur de la publication : Muriel Chazalon<\/p>\n<p style=\"text-align: justify;\">\n<\/p>\t\t\t\t\t\t\t\t<\/div>\n\t\t\t\t<\/div>\n\t\t\t\t<div class=\"elementor-element elementor-element-13209a4c elementor-widget__width-inherit elementor-widget-tablet__width-inherit elementor-widget elementor-widget-heading\" data-id=\"13209a4c\" data-element_type=\"widget\" data-widget_type=\"heading.default\">\n\t\t\t\t<div class=\"elementor-widget-container\">\n\t\t\t\t\t<h2 class=\"elementor-heading-title elementor-size-default\">Conditions d'utilisation<\/h2>\t\t\t\t<\/div>\n\t\t\t\t<\/div>\n\t\t\t\t<div class=\"elementor-element elementor-element-2c2608a8 elementor-widget__width-inherit elementor-widget-tablet__width-inherit elementor-widget elementor-widget-text-editor\" data-id=\"2c2608a8\" data-element_type=\"widget\" data-widget_type=\"text-editor.default\">\n\t\t\t\t<div class=\"elementor-widget-container\">\n\t\t\t\t\t\t\t\t\t<p>L&rsquo;Utilisateur est r\u00e9put\u00e9 avoir pris connaissance des pr\u00e9sentes conditions g\u00e9n\u00e9rales, qui s&rsquo;imposent \u00e0 tout usager du site <a href=\"https:\/\/murielchazalon.fr\">https:\/\/murielchazalon.fr<\/a><\/p><p>L&rsquo;Utilisateur garantit qu&rsquo;il n&rsquo;utilisera pas le site \u00e0 des fins illicites ou immorales ou contraire \u00e0 leur utilisation initiale.<\/p><p>Les \u00e9quipements (ordinateur, tablette, t\u00e9l\u00e9phone) permettant l&rsquo;acc\u00e8s au site sont \u00e0 la charge exclusive de l&rsquo;Utilisateur, de m\u00eame que les frais de t\u00e9l\u00e9communications induits par leur utilisation.<\/p><p>L&rsquo;utilisation du site <a href=\"https:\/\/murielchazalon.fr\">https:\/\/murielchazalon.fr<\/a>\u00a0implique l&rsquo;acceptation pleine et enti\u00e8re des pr\u00e9sentes conditions g\u00e9n\u00e9rales d&rsquo;utilisation d\u00e9crites.<\/p><p style=\"text-align: justify;\">\u00a0<\/p>\t\t\t\t\t\t\t\t<\/div>\n\t\t\t\t<\/div>\n\t\t\t\t<div class=\"elementor-element elementor-element-12800009 elementor-widget__width-inherit elementor-widget-tablet__width-inherit elementor-widget elementor-widget-heading\" data-id=\"12800009\" data-element_type=\"widget\" data-widget_type=\"heading.default\">\n\t\t\t\t<div class=\"elementor-widget-container\">\n\t\t\t\t\t<h3 class=\"elementor-heading-title elementor-size-default\">Services propos\u00e9s aux utilisateurs<\/h3>\t\t\t\t<\/div>\n\t\t\t\t<\/div>\n\t\t\t\t<div class=\"elementor-element elementor-element-32fdef6b elementor-widget__width-inherit elementor-widget-tablet__width-inherit elementor-widget elementor-widget-text-editor\" data-id=\"32fdef6b\" data-element_type=\"widget\" data-widget_type=\"text-editor.default\">\n\t\t\t\t<div class=\"elementor-widget-container\">\n\t\t\t\t\t\t\t\t\t<p>Le site <a href=\"https:\/\/murielchazalon.fr\">https:\/\/murielchazalon.fr<\/a> est un site \u00e0 but exclusivement informatif ; l&rsquo;objectif est de pr\u00e9senter l&rsquo;activit\u00e9, les \u0153uvres et la d\u00e9marche artistique de Muriel Chazalon ainsi que leurs caract\u00e9ristiques.<\/p><p style=\"text-align: justify;\">\u00a0<\/p>\t\t\t\t\t\t\t\t<\/div>\n\t\t\t\t<\/div>\n\t\t\t\t<div class=\"elementor-element elementor-element-5429a91 elementor-widget__width-inherit elementor-widget-tablet__width-inherit elementor-widget elementor-widget-heading\" data-id=\"5429a91\" data-element_type=\"widget\" data-widget_type=\"heading.default\">\n\t\t\t\t<div class=\"elementor-widget-container\">\n\t\t\t\t\t<h3 class=\"elementor-heading-title elementor-size-default\">Propri\u00e9t\u00e9 intellectuelle<\/h3>\t\t\t\t<\/div>\n\t\t\t\t<\/div>\n\t\t\t\t<div class=\"elementor-element elementor-element-20b247c7 elementor-widget__width-inherit elementor-widget-tablet__width-inherit elementor-widget elementor-widget-text-editor\" data-id=\"20b247c7\" data-element_type=\"widget\" data-widget_type=\"text-editor.default\">\n\t\t\t\t<div class=\"elementor-widget-container\">\n\t\t\t\t\t\t\t\t\t<p>Les \u00e9l\u00e9ments du site <a href=\"https:\/\/murielchazalon.fr\">https:\/\/murielchazalon.fr<\/a> sont prot\u00e9g\u00e9s par le droit d&rsquo;auteur et ne peuvent \u00eatre copi\u00e9s ou imit\u00e9s en tout ou en partie.<\/p><p>Aucun contenu, logotype, graphisme, son ou image tir\u00e9s de ce site web ne peut \u00eatre copi\u00e9, modifi\u00e9 ou retransmis sans l&rsquo;autorisation \u00e9crite de Muriel Chazalon.<\/p><p>Toute exploitation non autoris\u00e9e du site ou de l&rsquo;un des \u00e9l\u00e9ments qu&rsquo;il contient sera consid\u00e9r\u00e9e comme constitutive d&rsquo;une contrefa\u00e7on et poursuivie conform\u00e9ment aux dispositions des articles L.335-2 et suivants du Code de Propri\u00e9t\u00e9 Intellectuelle.<\/p><p style=\"text-align: justify;\">\u00a0<\/p>\t\t\t\t\t\t\t\t<\/div>\n\t\t\t\t<\/div>\n\t\t\t\t<div class=\"elementor-element elementor-element-59ceb47a elementor-widget__width-inherit elementor-widget-tablet__width-inherit elementor-widget elementor-widget-heading\" data-id=\"59ceb47a\" data-element_type=\"widget\" data-widget_type=\"heading.default\">\n\t\t\t\t<div class=\"elementor-widget-container\">\n\t\t\t\t\t<h2 class=\"elementor-heading-title elementor-size-default\">Traitement des donn\u00e9es personnelles<\/h2>\t\t\t\t<\/div>\n\t\t\t\t<\/div>\n\t\t\t\t<div class=\"elementor-element elementor-element-68538084 elementor-widget__width-inherit elementor-widget-tablet__width-inherit elementor-widget elementor-widget-text-editor\" data-id=\"68538084\" data-element_type=\"widget\" data-widget_type=\"text-editor.default\">\n\t\t\t\t<div class=\"elementor-widget-container\">\n\t\t\t\t\t\t\t\t\t<p>L&rsquo;envoi des formulaires de contact ne donne lieu \u00e0 aucune sauvegarde dans une base de donn\u00e9es ; les informations sont directement envoy\u00e9es par mail \u00e0 Muriel Chazalon afin de traiter la demande ; le message est ensuite supprim\u00e9.<\/p><p>Aucune information personnelle de l&rsquo;Utilisateur du site <a href=\"https:\/\/murielchazalon.fr\">https:\/\/murielchazalon.fr<\/a> n&rsquo;est publi\u00e9e, \u00e9chang\u00e9e, transf\u00e9r\u00e9e, c\u00e9d\u00e9e ou vendue, \u00e0 son insu, sur un support quelconque \u00e0 des tiers.<\/p><p>Une case \u00e0 cocher au moment de l&rsquo;envoi permet \u00e0 l&rsquo;Utilisateur d&rsquo;accepter ou de refuser ces conditions.<\/p><p style=\"text-align: justify;\">\u00a0<\/p>\t\t\t\t\t\t\t\t<\/div>\n\t\t\t\t<\/div>\n\t\t\t\t<div class=\"elementor-element elementor-element-7cdf5665 elementor-widget__width-inherit elementor-widget-tablet__width-inherit elementor-widget elementor-widget-heading\" data-id=\"7cdf5665\" data-element_type=\"widget\" data-widget_type=\"heading.default\">\n\t\t\t\t<div class=\"elementor-widget-container\">\n\t\t\t\t\t<h2 class=\"elementor-heading-title elementor-size-default\">Responsabilit\u00e9<\/h2>\t\t\t\t<\/div>\n\t\t\t\t<\/div>\n\t\t\t\t<div class=\"elementor-element elementor-element-40fa5531 elementor-widget__width-inherit elementor-widget-tablet__width-inherit elementor-widget elementor-widget-text-editor\" data-id=\"40fa5531\" data-element_type=\"widget\" data-widget_type=\"text-editor.default\">\n\t\t\t\t<div class=\"elementor-widget-container\">\n\t\t\t\t\t\t\t\t\t<p>Muriel Chazalon met tout en \u0153uvre pour offrir \u00e0 l&rsquo;Utilisateur des informations mises \u00e0 jour r\u00e9guli\u00e8rement. Pour autant, Muriel Chazalon ne saurait \u00eatre tenu responsable en cas d&rsquo;erreurs, d&rsquo;absence de disponibilit\u00e9 des fonctionnalit\u00e9s et\/ou de la pr\u00e9sence de virus ou \u00e9l\u00e9ments malveillants sur le site.\u00a0<\/p><p>Muriel Chazalon ne saurait garantir l&rsquo;exactitude, la compl\u00e9tude, l&rsquo;actualit\u00e9 et l&rsquo;exhaustivit\u00e9 des informations diffus\u00e9es sur le site.<\/p><p style=\"text-align: justify;\">\u00a0<\/p>\t\t\t\t\t\t\t\t<\/div>\n\t\t\t\t<\/div>\n\t\t\t\t<\/div>\n\t\t\t\t<\/div>\n\t\t\t\t<\/div>\n\t\t","protected":false},"excerpt":{"rendered":"<p>Mentions l\u00e9gales Pr\u00e9sentation du site Le pr\u00e9sent site\u00a0https:\/\/murielchazalon.fr est la propri\u00e9t\u00e9 de l&rsquo;entreprise individuelle Muriel Chazalon sous le num\u00e9ro SIREN 404 096 984 et dont le si\u00e8ge social est situ\u00e9 au 15 rue du Bout Corneret, 28210 Faverolles. Directeur de la publication Muriel Chazalon Si\u00e8ge social :15 rue du Bout Corneret28210 Faverolles SIRET : 404 [&hellip;]<\/p>\n","protected":false},"author":2,"featured_media":0,"parent":0,"menu_order":0,"comment_status":"closed","ping_status":"closed","template":"","meta":{"footnotes":""},"class_list":["post-212","page","type-page","status-publish","hentry"],"_links":{"self":[{"href":"https:\/\/murielchazalon.fr\/index.php\/wp-json\/wp\/v2\/pages\/212","targetHints":{"allow":["GET"]}}],"collection":[{"href":"https:\/\/murielchazalon.fr\/index.php\/wp-json\/wp\/v2\/pages"}],"about":[{"href":"https:\/\/murielchazalon.fr\/index.php\/wp-json\/wp\/v2\/types\/page"}],"author":[{"embeddable":true,"href":"https:\/\/murielchazalon.fr\/index.php\/wp-json\/wp\/v2\/users\/2"}],"replies":[{"embeddable":true,"href":"https:\/\/murielchazalon.fr\/index.php\/wp-json\/wp\/v2\/comments?post=212"}],"version-history":[{"count":13,"href":"https:\/\/murielchazalon.fr\/index.php\/wp-json\/wp\/v2\/pages\/212\/revisions"}],"predecessor-version":[{"id":3278,"href":"https:\/\/murielchazalon.fr\/index.php\/wp-json\/wp\/v2\/pages\/212\/revisions\/3278"}],"wp:attachment":[{"href":"https:\/\/murielchazalon.fr\/index.php\/wp-json\/wp\/v2\/media?parent=212"}],"curies":[{"name":"wp","href":"https:\/\/api.w.org\/{rel}","templated":true}]}}