{"id":214,"date":"2024-07-30T10:20:54","date_gmt":"2024-07-30T10:20:54","guid":{"rendered":"https:\/\/sharp-torvalds.54-37-155-209.plesk.page\/?page_id=214"},"modified":"2025-10-28T09:16:18","modified_gmt":"2025-10-28T09:16:18","slug":"donnees-personnelles","status":"publish","type":"page","link":"https:\/\/murielchazalon.fr\/index.php\/donnees-personnelles\/","title":{"rendered":"Donn\u00e9es personnelles"},"content":{"rendered":"\t\t<div data-elementor-type=\"wp-page\" data-elementor-id=\"214\" class=\"elementor elementor-214\" data-elementor-post-type=\"page\">\n\t\t\t\t<div class=\"elementor-element elementor-element-35f897e0 e-con-full e-flex e-con e-parent\" data-id=\"35f897e0\" data-element_type=\"container\" data-settings=\"{&quot;background_background&quot;:&quot;gradient&quot;}\">\n\t\t<div class=\"elementor-element elementor-element-c359296 e-con-full e-flex e-con e-child\" data-id=\"c359296\" data-element_type=\"container\">\n\t\t\t\t<div class=\"elementor-element elementor-element-5741bfef elementor-widget__width-inherit elementor-invisible elementor-widget elementor-widget-heading\" data-id=\"5741bfef\" data-element_type=\"widget\" data-settings=\"{&quot;_animation&quot;:&quot;fadeIn&quot;}\" data-widget_type=\"heading.default\">\n\t\t\t\t<div class=\"elementor-widget-container\">\n\t\t\t\t\t<h2 class=\"elementor-heading-title elementor-size-default\">Donn\u00e9es personnelles<\/h2>\t\t\t\t<\/div>\n\t\t\t\t<\/div>\n\t\t\t\t<div class=\"elementor-element elementor-element-1ec4a286 elementor-widget__width-inherit elementor-widget-tablet__width-inherit elementor-widget elementor-widget-heading\" data-id=\"1ec4a286\" data-element_type=\"widget\" data-widget_type=\"heading.default\">\n\t\t\t\t<div class=\"elementor-widget-container\">\n\t\t\t\t\t<h3 class=\"elementor-heading-title elementor-size-default\">Traitement des donn\u00e9es personnelles<\/h3>\t\t\t\t<\/div>\n\t\t\t\t<\/div>\n\t\t\t\t<div class=\"elementor-element elementor-element-1e29561c elementor-widget__width-inherit elementor-widget-tablet__width-inherit elementor-widget elementor-widget-text-editor\" data-id=\"1e29561c\" data-element_type=\"widget\" data-widget_type=\"text-editor.default\">\n\t\t\t\t<div class=\"elementor-widget-container\">\n\t\t\t\t\t\t\t\t\t<p>L&rsquo;envoi des formulaires de contact ne donne lieu \u00e0 aucune sauvegarde dans une base de donn\u00e9es ; les informations sont directement envoy\u00e9es par mail \u00e0 Muriel Chazalon afin de traiter la demande ; le message est ensuite supprim\u00e9.<\/p><p>Aucune information personnelle de l&rsquo;Utilisateur du site <a href=\"https:\/\/murielchazalon.fr\">https:\/\/murielchazalon.fr<\/a>\u00a0n&rsquo;est publi\u00e9e, \u00e9chang\u00e9e, transf\u00e9r\u00e9e, c\u00e9d\u00e9e ou vendue ; \u00e0 son insu, sur un support quelconque, \u00e0 des tiers. Une case \u00e0 cocher au moment de l&rsquo;envoi permet \u00e0 l&rsquo;Utilisateur d&rsquo;accepter ou de refuser ces conditions.<span style=\"background-color: transparent; color: var( --e-global-color-afda780 ); letter-spacing: 0px; word-spacing: 0em;\">\u00a0<\/span><\/p><p style=\"text-align: justify;\">\u00a0<\/p>\t\t\t\t\t\t\t\t<\/div>\n\t\t\t\t<\/div>\n\t\t\t\t<div class=\"elementor-element elementor-element-7d8bbe85 elementor-widget__width-inherit elementor-widget-tablet__width-inherit elementor-widget elementor-widget-heading\" data-id=\"7d8bbe85\" data-element_type=\"widget\" data-widget_type=\"heading.default\">\n\t\t\t\t<div class=\"elementor-widget-container\">\n\t\t\t\t\t<h2 class=\"elementor-heading-title elementor-size-default\">\u00c0 propos des cookies<\/h2>\t\t\t\t<\/div>\n\t\t\t\t<\/div>\n\t\t\t\t<div class=\"elementor-element elementor-element-383a0969 elementor-widget__width-inherit elementor-widget-tablet__width-inherit elementor-widget elementor-widget-text-editor\" data-id=\"383a0969\" data-element_type=\"widget\" data-widget_type=\"text-editor.default\">\n\t\t\t\t<div class=\"elementor-widget-container\">\n\t\t\t\t\t\t\t\t\t<p>Le site\u00a0<a href=\"https:\/\/murielchazalon.fr\">https:\/\/murielchazalon.fr<\/a>\u00a0utilise des cookies propri\u00e9taires et tiers \u00e0 diff\u00e9rentes fins.<\/p><p>Un \u00ab\u00a0cookie\u00a0\u00bb est un fichier de petite taille qui enregistre des informations relatives \u00e0 la navigation d&rsquo;un utilisateur sur un site. Les donn\u00e9es ainsi obtenues permettent d&rsquo;obtenir des mesures de fr\u00e9quentation par exemple.\u00a0<\/p><p>Les cookies sont enregistr\u00e9s pour une dur\u00e9e maximale de douze mois.\u00a0<\/p><p>Les cookies propri\u00e9taires sont n\u00e9cessaires au bon fonctionnement du site\u00a0<a href=\"https:\/\/murielchazalon.fr\">https:\/\/murielchazalon.fr<\/a>\u00a0; ils ne collectent aucune de vos donn\u00e9es personnellement identifiables. Leur r\u00f4le consiste principalement \u00e0 faciliter la navigation de l&rsquo;Utilisateur, ou encore \u00e0 collecter des donn\u00e9es statistiques ou comportementales.\u00a0<\/p><p><span style=\"color: var( --e-global-color-afda780 ); letter-spacing: 0px; word-spacing: 0em; text-align: var(--text-align); background-color: transparent;\">Les cookies tiers utilis\u00e9s sur le site <a href=\"https:\/\/murielchazalon.fr\">https:\/\/murielchazalon.fr <\/a>servent essentiellement \u00e0 comprendre le fonctionnement du site <a href=\"https:\/\/murielchazalon.fr\">https:\/\/murielchazalon.fr<\/a>\u00a0et vos interactions avec ce dernier ; garantir la s\u00e9curisation de nos services et une exp\u00e9rience utilisateur optimale.<\/span><\/p><p><span style=\"color: var( --e-global-color-afda780 ); letter-spacing: 0px; word-spacing: 0em; text-align: var(--text-align); background-color: transparent;\">Vous avez la possibilit\u00e9 d&rsquo;accepter ou de refuser les cookies via le bandeau cookies d\u00e9di\u00e9 et l&rsquo;encart situ\u00e9 en bas \u00e0 gauche de l&rsquo;\u00e9cran.<\/span><span style=\"background-color: transparent; color: var( --e-global-color-afda780 ); letter-spacing: 0px; text-align: var(--text-align); word-spacing: 0em;\">\u00a0<\/span><\/p><p style=\"text-align: justify;\">\u00a0<\/p>\t\t\t\t\t\t\t\t<\/div>\n\t\t\t\t<\/div>\n\t\t\t\t<\/div>\n\t\t\t\t<\/div>\n\t\t\t\t<\/div>\n\t\t","protected":false},"excerpt":{"rendered":"<p>Donn\u00e9es personnelles Traitement des donn\u00e9es personnelles L&rsquo;envoi des formulaires de contact ne donne lieu \u00e0 aucune sauvegarde dans une base de donn\u00e9es ; les informations sont directement envoy\u00e9es par mail \u00e0 Muriel Chazalon afin de traiter la demande ; le message est ensuite supprim\u00e9. Aucune information personnelle de l&rsquo;Utilisateur du site https:\/\/murielchazalon.fr\u00a0n&rsquo;est publi\u00e9e, \u00e9chang\u00e9e, transf\u00e9r\u00e9e, [&hellip;]<\/p>\n","protected":false},"author":2,"featured_media":0,"parent":0,"menu_order":0,"comment_status":"closed","ping_status":"closed","template":"","meta":{"footnotes":""},"class_list":["post-214","page","type-page","status-publish","hentry"],"_links":{"self":[{"href":"https:\/\/murielchazalon.fr\/index.php\/wp-json\/wp\/v2\/pages\/214","targetHints":{"allow":["GET"]}}],"collection":[{"href":"https:\/\/murielchazalon.fr\/index.php\/wp-json\/wp\/v2\/pages"}],"about":[{"href":"https:\/\/murielchazalon.fr\/index.php\/wp-json\/wp\/v2\/types\/page"}],"author":[{"embeddable":true,"href":"https:\/\/murielchazalon.fr\/index.php\/wp-json\/wp\/v2\/users\/2"}],"replies":[{"embeddable":true,"href":"https:\/\/murielchazalon.fr\/index.php\/wp-json\/wp\/v2\/comments?post=214"}],"version-history":[{"count":13,"href":"https:\/\/murielchazalon.fr\/index.php\/wp-json\/wp\/v2\/pages\/214\/revisions"}],"predecessor-version":[{"id":3222,"href":"https:\/\/murielchazalon.fr\/index.php\/wp-json\/wp\/v2\/pages\/214\/revisions\/3222"}],"wp:attachment":[{"href":"https:\/\/murielchazalon.fr\/index.php\/wp-json\/wp\/v2\/media?parent=214"}],"curies":[{"name":"wp","href":"https:\/\/api.w.org\/{rel}","templated":true}]}}