{"id":76,"date":"2024-07-15T10:41:21","date_gmt":"2024-07-15T10:41:21","guid":{"rendered":"https:\/\/sharp-torvalds.54-37-155-209.plesk.page\/?page_id=76"},"modified":"2026-01-27T08:55:01","modified_gmt":"2026-01-27T08:55:01","slug":"demarche-artistique","status":"publish","type":"page","link":"https:\/\/murielchazalon.fr\/index.php\/demarche-artistique\/","title":{"rendered":"D\u00e9marche artistique"},"content":{"rendered":"\t\t<div data-elementor-type=\"wp-page\" data-elementor-id=\"76\" class=\"elementor elementor-76\" data-elementor-post-type=\"page\">\n\t\t\t\t<div class=\"elementor-element elementor-element-1fbe935c e-flex e-con-boxed e-con e-parent\" data-id=\"1fbe935c\" data-element_type=\"container\">\n\t\t\t\t\t<div class=\"e-con-inner\">\n\t\t\t\t<div class=\"elementor-element elementor-element-61d18ae9 elementor-widget elementor-widget-heading\" data-id=\"61d18ae9\" data-element_type=\"widget\" data-widget_type=\"heading.default\">\n\t\t\t\t<div class=\"elementor-widget-container\">\n\t\t\t\t\t<h1 class=\"elementor-heading-title elementor-size-default\">D\u00e9marche artistique<\/h1>\t\t\t\t<\/div>\n\t\t\t\t<\/div>\n\t\t\t\t\t<\/div>\n\t\t\t\t<\/div>\n\t\t<div class=\"elementor-element elementor-element-a6a4466 e-flex e-con-boxed e-con e-parent\" data-id=\"a6a4466\" data-element_type=\"container\" data-settings=\"{&quot;background_background&quot;:&quot;classic&quot;}\">\n\t\t\t\t\t<div class=\"e-con-inner\">\n\t\t\t\t<div class=\"elementor-element elementor-element-6ed53640 elementor-widget elementor-widget-image\" data-id=\"6ed53640\" data-element_type=\"widget\" data-widget_type=\"image.default\">\n\t\t\t\t<div class=\"elementor-widget-container\">\n\t\t\t\t\t\t\t\t\t\t\t\t\t\t\t<img fetchpriority=\"high\" decoding=\"async\" width=\"765\" height=\"1024\" src=\"https:\/\/murielchazalon.fr\/wp-content\/uploads\/2024\/10\/IMG_3267-765x1024.jpg\" class=\"attachment-large size-large wp-image-1275\" alt=\"\" srcset=\"https:\/\/murielchazalon.fr\/wp-content\/uploads\/2024\/10\/IMG_3267-765x1024.jpg 765w, https:\/\/murielchazalon.fr\/wp-content\/uploads\/2024\/10\/IMG_3267-224x300.jpg 224w, https:\/\/murielchazalon.fr\/wp-content\/uploads\/2024\/10\/IMG_3267-768x1028.jpg 768w, https:\/\/murielchazalon.fr\/wp-content\/uploads\/2024\/10\/IMG_3267-1147x1536.jpg 1147w, https:\/\/murielchazalon.fr\/wp-content\/uploads\/2024\/10\/IMG_3267-1530x2048.jpg 1530w, https:\/\/murielchazalon.fr\/wp-content\/uploads\/2024\/10\/IMG_3267-scaled.jpg 1912w\" sizes=\"(max-width: 765px) 100vw, 765px\" \/>\t\t\t\t\t\t\t\t\t\t\t\t\t\t\t<\/div>\n\t\t\t\t<\/div>\n\t\t\t\t\t<\/div>\n\t\t\t\t<\/div>\n\t\t<div class=\"elementor-element elementor-element-274b282e e-flex e-con-boxed e-con e-parent\" data-id=\"274b282e\" data-element_type=\"container\">\n\t\t\t\t\t<div class=\"e-con-inner\">\n\t\t\t\t<div class=\"elementor-element elementor-element-4f3b58b7 elementor-widget elementor-widget-text-editor\" data-id=\"4f3b58b7\" data-element_type=\"widget\" data-widget_type=\"text-editor.default\">\n\t\t\t\t<div class=\"elementor-widget-container\">\n\t\t\t\t\t\t\t\t\t<p>Le processus cr\u00e9atif a pris du temps dans ma pratique. Mes premi\u00e8res ann\u00e9es furent consacr\u00e9es \u00e0 \u00e9couter, regarder, sentir, c\u00f4toyer les artistes, les sachants, les autodidactes, analyser les ma\u00eetres et aller vers mes \u00e9lans du c\u0153ur. Un apprentissage lent, humble et curieux. J\u2019ai tout mis dans ma besace, un vrac h\u00e9t\u00e9rog\u00e8ne, un joyeux bazar fait de copies, de \u00e0 la mani\u00e8re de, de ratages et de quelques p\u00e9pites.<\/p>\t\t\t\t\t\t\t\t<\/div>\n\t\t\t\t<\/div>\n\t\t\t\t<div class=\"elementor-element elementor-element-78ab0c7a elementor-widget elementor-widget-text-editor\" data-id=\"78ab0c7a\" data-element_type=\"widget\" data-widget_type=\"text-editor.default\">\n\t\t\t\t<div class=\"elementor-widget-container\">\n\t\t\t\t\t\t\t\t\t<p>L\u2019envie toujours chevill\u00e9e au corps d\u2019exp\u00e9rimenter ! Que ce soient les techniques, les sujets, les mat\u00e9riaux, les supports. Seule ou au sein d\u2019ateliers, pour le fameux \u00ab regard de l\u2019autre \u00bb. Les ann\u00e9es ont pass\u00e9, j\u2019ai accumul\u00e9 toiles et dessins, figuratifs, abstraits, sans grande coh\u00e9rence. Je me suis obstin\u00e9e, peu convaincue par mon travail, doutant toujours et encore.<\/p>\t\t\t\t\t\t\t\t<\/div>\n\t\t\t\t<\/div>\n\t\t\t\t<div class=\"elementor-element elementor-element-12caccbf elementor-widget elementor-widget-text-editor\" data-id=\"12caccbf\" data-element_type=\"widget\" data-widget_type=\"text-editor.default\">\n\t\t\t\t<div class=\"elementor-widget-container\">\n\t\t\t\t\t\t\t\t\t<p>En 2016, je me suis install\u00e9e dans un petit atelier en Bretagne o\u00f9 j\u2019ai rassembl\u00e9 mes travaux. Je les ai contempl\u00e9s des journ\u00e9es durant, je les ai class\u00e9s. De cet ordonnancement est n\u00e9e la question de savoir o\u00f9 j\u2019allais aller, vers quoi me portaient mes envies, vers quel esth\u00e9tisme j\u2019allais, quelle histoire je souhaitais \u00e9crire. Ce fut le point de d\u00e9part de l\u2019acceptation que mon travail n\u2019\u00e9tait pas qu\u2019une n\u00e9cessit\u00e9 mais une \u0153uvre \u00e0 construire. Que derri\u00e8re les heures de recherche, d\u2019essais, d\u2019abandons, de renoncements et d\u2019enthousiasme, pointait une vraie d\u00e9marche artistique autour de deux axes de r\u00e9flexion : les horizons et la nature.<\/p>\t\t\t\t\t\t\t\t<\/div>\n\t\t\t\t<\/div>\n\t\t\t\t<div class=\"elementor-element elementor-element-61a9f7d4 elementor-widget elementor-widget-text-editor\" data-id=\"61a9f7d4\" data-element_type=\"widget\" data-widget_type=\"text-editor.default\">\n\t\t\t\t<div class=\"elementor-widget-container\">\n\t\t\t\t\t\t\t\t\t<p>Mes fr\u00e9quents s\u00e9jours en Bretagne ont nourri ces deux th\u00e9matiques. Toutefois, au-del\u00e0 de leur \u00e9vidente influence, sur le plan symbolique, ces sujets avaient un \u00e9cho fort dans ma vie.<\/p>\t\t\t\t\t\t\t\t<\/div>\n\t\t\t\t<\/div>\n\t\t\t\t<div class=\"elementor-element elementor-element-6122c823 elementor-widget elementor-widget-image\" data-id=\"6122c823\" data-element_type=\"widget\" data-widget_type=\"image.default\">\n\t\t\t\t<div class=\"elementor-widget-container\">\n\t\t\t\t\t\t\t\t\t\t\t\t\t\t\t<img decoding=\"async\" width=\"773\" height=\"1024\" src=\"https:\/\/murielchazalon.fr\/wp-content\/uploads\/2024\/08\/FIN-DE-JOURNEE-2-773x1024.jpg\" class=\"attachment-large size-large wp-image-628\" alt=\"\" srcset=\"https:\/\/murielchazalon.fr\/wp-content\/uploads\/2024\/08\/FIN-DE-JOURNEE-2-773x1024.jpg 773w, https:\/\/murielchazalon.fr\/wp-content\/uploads\/2024\/08\/FIN-DE-JOURNEE-2-226x300.jpg 226w, https:\/\/murielchazalon.fr\/wp-content\/uploads\/2024\/08\/FIN-DE-JOURNEE-2-768x1018.jpg 768w, https:\/\/murielchazalon.fr\/wp-content\/uploads\/2024\/08\/FIN-DE-JOURNEE-2.jpg 1132w\" sizes=\"(max-width: 773px) 100vw, 773px\" \/>\t\t\t\t\t\t\t\t\t\t\t\t\t\t\t<\/div>\n\t\t\t\t<\/div>\n\t\t\t\t<div class=\"elementor-element elementor-element-55c01f8a elementor-widget elementor-widget-text-editor\" data-id=\"55c01f8a\" data-element_type=\"widget\" data-widget_type=\"text-editor.default\">\n\t\t\t\t<div class=\"elementor-widget-container\">\n\t\t\t\t\t\t\t\t\t<p>L\u2019horizon est un lointain visible, un id\u00e9al de perfection vers lequel on tend, un champ des possibles, un lieu d\u2019aventures et en m\u00eame temps un point de finitude.<\/p>\t\t\t\t\t\t\t\t<\/div>\n\t\t\t\t<\/div>\n\t\t\t\t<div class=\"elementor-element elementor-element-32da2048 elementor-widget elementor-widget-text-editor\" data-id=\"32da2048\" data-element_type=\"widget\" data-widget_type=\"text-editor.default\">\n\t\t\t\t<div class=\"elementor-widget-container\">\n\t\t\t\t\t\t\t\t\t<p>La nature est le lieu o\u00f9 j\u2019ai grandi, avec des grands-parents attach\u00e9s \u00e0 la terre. La nature est multiple, f\u00e9roce, nourrici\u00e8re, offrant des spectacles in\u00e9gal\u00e9s. Point de volont\u00e9 de ma part de la porter en \u00e9tendard d\u2019une cause politique. Je ne suis pas une combattante, je ne revendique pas, mon travail n\u2019a pas d\u2019ambition d\u2019engagement social.\u00a0<\/p>\t\t\t\t\t\t\t\t<\/div>\n\t\t\t\t<\/div>\n\t\t\t\t<div class=\"elementor-element elementor-element-11fb8905 elementor-widget elementor-widget-image\" data-id=\"11fb8905\" data-element_type=\"widget\" data-widget_type=\"image.default\">\n\t\t\t\t<div class=\"elementor-widget-container\">\n\t\t\t\t\t\t\t\t\t\t\t\t\t\t\t<img decoding=\"async\" width=\"800\" height=\"800\" src=\"https:\/\/murielchazalon.fr\/wp-content\/uploads\/2024\/08\/ARBORESCENCE-1-1024x1024.jpg\" class=\"attachment-large size-large wp-image-377\" alt=\"\" srcset=\"https:\/\/murielchazalon.fr\/wp-content\/uploads\/2024\/08\/ARBORESCENCE-1-1024x1024.jpg 1024w, https:\/\/murielchazalon.fr\/wp-content\/uploads\/2024\/08\/ARBORESCENCE-1-300x300.jpg 300w, https:\/\/murielchazalon.fr\/wp-content\/uploads\/2024\/08\/ARBORESCENCE-1-150x150.jpg 150w, https:\/\/murielchazalon.fr\/wp-content\/uploads\/2024\/08\/ARBORESCENCE-1-768x768.jpg 768w, https:\/\/murielchazalon.fr\/wp-content\/uploads\/2024\/08\/ARBORESCENCE-1.jpg 1500w\" sizes=\"(max-width: 800px) 100vw, 800px\" \/>\t\t\t\t\t\t\t\t\t\t\t\t\t\t\t<\/div>\n\t\t\t\t<\/div>\n\t\t\t\t<div class=\"elementor-element elementor-element-f97e206 elementor-widget elementor-widget-text-editor\" data-id=\"f97e206\" data-element_type=\"widget\" data-widget_type=\"text-editor.default\">\n\t\t\t\t<div class=\"elementor-widget-container\">\n\t\t\t\t\t\t\t\t\t<p>Mon seul d\u00e9sir est de porter un regard singulier sur sa magnificence.<\/p>\t\t\t\t\t\t\t\t<\/div>\n\t\t\t\t<\/div>\n\t\t\t\t<div class=\"elementor-element elementor-element-900c58a elementor-widget elementor-widget-text-editor\" data-id=\"900c58a\" data-element_type=\"widget\" data-widget_type=\"text-editor.default\">\n\t\t\t\t<div class=\"elementor-widget-container\">\n\t\t\t\t\t\t\t\t\t<p>Au fil du temps, les horizons m\u2019ont quitt\u00e9 et l\u2019arbre a pris une place quasi unique dans ma cr\u00e9ation. Il est devenu central, indispensable, obsessionnel. Je l\u2019observe, le d\u00e9cortique, l\u2019\u00e9coute, le palpe, le scrute du bas vers le haut, \u00e0 toute saison, sous toutes les latitudes. Quelle que soit son essence, son environnement, son \u00e2ge, il me fascine.<\/p>\t\t\t\t\t\t\t\t<\/div>\n\t\t\t\t<\/div>\n\t\t\t\t<div class=\"elementor-element elementor-element-61020f6 elementor-widget elementor-widget-text-editor\" data-id=\"61020f6\" data-element_type=\"widget\" data-widget_type=\"text-editor.default\">\n\t\t\t\t<div class=\"elementor-widget-container\">\n\t\t\t\t\t\t\t\t\t<p>Pourquoi ? Alexandre Hollan parle de la vibration invisible des arbres, du calme, de la lenteur, des vies silencieuses.<\/p>\t\t\t\t\t\t\t\t<\/div>\n\t\t\t\t<\/div>\n\t\t\t\t<div class=\"elementor-element elementor-element-9adc310 elementor-widget elementor-widget-text-editor\" data-id=\"9adc310\" data-element_type=\"widget\" data-widget_type=\"text-editor.default\">\n\t\t\t\t<div class=\"elementor-widget-container\">\n\t\t\t\t\t\t\t\t\t<p>Les arbres ont \u00e9galement cet effet sur moi. Ils me conduisent vers la contemplation, vers une intimit\u00e9 o\u00f9 les mots deviennent des traits, des touches, des couleurs, des pleins, des vides, des lumi\u00e8res. L\u2019arbre a une \u00e9nergie souterraine et a\u00e9rienne qui me vivifie, me transporte vers un bonheur absolu.<\/p>\t\t\t\t\t\t\t\t<\/div>\n\t\t\t\t<\/div>\n\t\t\t\t<div class=\"elementor-element elementor-element-86e2ef9 elementor-widget elementor-widget-text-editor\" data-id=\"86e2ef9\" data-element_type=\"widget\" data-widget_type=\"text-editor.default\">\n\t\t\t\t<div class=\"elementor-widget-container\">\n\t\t\t\t\t\t\t\t\t<p>Mon travail s\u2019inscrit-il dans un courant ? Au salon d\u2019automne de Paris, il fait partie de l\u2019espace figuration. Quant \u00e0 l\u2019ins\u00e9rer dans un courant, je n\u2019en ai pas id\u00e9e et pas de volont\u00e9 particuli\u00e8re.<\/p>\t\t\t\t\t\t\t\t<\/div>\n\t\t\t\t<\/div>\n\t\t\t\t<div class=\"elementor-element elementor-element-cce07ae elementor-widget elementor-widget-text-editor\" data-id=\"cce07ae\" data-element_type=\"widget\" data-widget_type=\"text-editor.default\">\n\t\t\t\t<div class=\"elementor-widget-container\">\n\t\t\t\t\t\t\t\t\t<p>Il s\u2019inscrit dans une d\u00e9marche d\u2019exploration et de patience, o\u00f9 la contemplation apporte la lumi\u00e8re de la vie.<\/p>\t\t\t\t\t\t\t\t<\/div>\n\t\t\t\t<\/div>\n\t\t\t\t\t<\/div>\n\t\t\t\t<\/div>\n\t\t<div class=\"elementor-element elementor-element-21e0789d e-flex e-con-boxed e-con e-parent\" data-id=\"21e0789d\" data-element_type=\"container\">\n\t\t\t\t\t<div class=\"e-con-inner\">\n\t\t<div class=\"elementor-element elementor-element-6e37719f e-con-full e-flex e-con e-child\" data-id=\"6e37719f\" data-element_type=\"container\">\n\t\t\t\t<div class=\"elementor-element elementor-element-6b8766e4 elementor-widget elementor-widget-image\" data-id=\"6b8766e4\" data-element_type=\"widget\" data-widget_type=\"image.default\">\n\t\t\t\t<div class=\"elementor-widget-container\">\n\t\t\t\t\t\t\t\t\t\t\t\t\t\t\t<img loading=\"lazy\" decoding=\"async\" width=\"515\" height=\"1024\" src=\"https:\/\/murielchazalon.fr\/wp-content\/uploads\/2024\/08\/EN-ROUTE-1-515x1024.jpg\" class=\"attachment-large size-large wp-image-390\" alt=\"\" srcset=\"https:\/\/murielchazalon.fr\/wp-content\/uploads\/2024\/08\/EN-ROUTE-1-515x1024.jpg 515w, https:\/\/murielchazalon.fr\/wp-content\/uploads\/2024\/08\/EN-ROUTE-1-151x300.jpg 151w, https:\/\/murielchazalon.fr\/wp-content\/uploads\/2024\/08\/EN-ROUTE-1.jpg 754w\" sizes=\"(max-width: 515px) 100vw, 515px\" \/>\t\t\t\t\t\t\t\t\t\t\t\t\t\t\t<\/div>\n\t\t\t\t<\/div>\n\t\t\t\t<\/div>\n\t\t<div class=\"elementor-element elementor-element-535e5bf e-con-full e-flex e-con e-child\" data-id=\"535e5bf\" data-element_type=\"container\">\n\t\t\t\t<div class=\"elementor-element elementor-element-36d043d9 elementor-widget elementor-widget-heading\" data-id=\"36d043d9\" data-element_type=\"widget\" data-widget_type=\"heading.default\">\n\t\t\t\t<div class=\"elementor-widget-container\">\n\t\t\t\t\t<h3 class=\"elementor-heading-title elementor-size-default\">Peintures \u2022 Estampes<\/h3>\t\t\t\t<\/div>\n\t\t\t\t<\/div>\n\t\t\t\t<div class=\"elementor-element elementor-element-7074b4c4 elementor-widget elementor-widget-text-editor\" data-id=\"7074b4c4\" data-element_type=\"widget\" data-widget_type=\"text-editor.default\">\n\t\t\t\t<div class=\"elementor-widget-container\">\n\t\t\t\t\t\t\t\t\t<p>Je vous invite \u00e0 d\u00e9couvrir mon travail !<\/p>\t\t\t\t\t\t\t\t<\/div>\n\t\t\t\t<\/div>\n\t\t\t\t<div class=\"elementor-element elementor-element-33007280 elementor-cta--layout-image-right elementor-cta--valign-middle elementor-cta--mobile-layout-image-above elementor-cta--skin-classic elementor-animated-content elementor-widget elementor-widget-call-to-action\" data-id=\"33007280\" data-element_type=\"widget\" data-widget_type=\"call-to-action.default\">\n\t\t\t\t<div class=\"elementor-widget-container\">\n\t\t\t\t\t\t\t<div class=\"elementor-cta\">\n\t\t\t\t\t\t\t<div class=\"elementor-cta__content\">\n\t\t\t\t\n\t\t\t\t\n\t\t\t\t\n\t\t\t\t\t\t\t\t\t<div class=\"elementor-cta__button-wrapper elementor-cta__content-item elementor-content-item \">\n\t\t\t\t\t<a class=\"elementor-cta__button elementor-button elementor-size-\" href=\"https:\/\/murielchazalon.fr\/?page_id=106\" target=\"_blank\">\n\t\t\t\t\t\tD\u00e9couvrir les \u0153uvres\t\t\t\t\t<\/a>\n\t\t\t\t\t<\/div>\n\t\t\t\t\t\t\t<\/div>\n\t\t\t\t\t\t<\/div>\n\t\t\t\t\t\t<\/div>\n\t\t\t\t<\/div>\n\t\t\t\t<\/div>\n\t\t\t\t\t<\/div>\n\t\t\t\t<\/div>\n\t\t<div class=\"elementor-element elementor-element-55fa699a e-flex e-con-boxed e-con e-parent\" data-id=\"55fa699a\" data-element_type=\"container\" data-settings=\"{&quot;background_background&quot;:&quot;classic&quot;}\">\n\t\t\t\t\t<div class=\"e-con-inner\">\n\t\t<div class=\"elementor-element elementor-element-354bed63 e-con-full e-flex e-con e-child\" data-id=\"354bed63\" data-element_type=\"container\">\n\t\t\t\t<div class=\"elementor-element elementor-element-22cac585 elementor-invisible elementor-widget elementor-widget-image\" data-id=\"22cac585\" data-element_type=\"widget\" data-settings=\"{&quot;_animation&quot;:&quot;fadeIn&quot;}\" data-widget_type=\"image.default\">\n\t\t\t\t<div class=\"elementor-widget-container\">\n\t\t\t\t\t\t\t\t\t\t\t\t\t\t\t<img loading=\"lazy\" decoding=\"async\" width=\"800\" height=\"536\" src=\"https:\/\/murielchazalon.fr\/wp-content\/uploads\/2024\/08\/NATURE-FOUGUEUSE-1-1024x686.jpg\" class=\"attachment-large size-large wp-image-502\" alt=\"\" srcset=\"https:\/\/murielchazalon.fr\/wp-content\/uploads\/2024\/08\/NATURE-FOUGUEUSE-1-1024x686.jpg 1024w, https:\/\/murielchazalon.fr\/wp-content\/uploads\/2024\/08\/NATURE-FOUGUEUSE-1-300x201.jpg 300w, https:\/\/murielchazalon.fr\/wp-content\/uploads\/2024\/08\/NATURE-FOUGUEUSE-1-768x515.jpg 768w, https:\/\/murielchazalon.fr\/wp-content\/uploads\/2024\/08\/NATURE-FOUGUEUSE-1.jpg 1500w\" sizes=\"(max-width: 800px) 100vw, 800px\" \/>\t\t\t\t\t\t\t\t\t\t\t\t\t\t\t<\/div>\n\t\t\t\t<\/div>\n\t\t\t\t<div class=\"elementor-element elementor-element-48f4978f elementor-invisible elementor-widget elementor-widget-image\" data-id=\"48f4978f\" data-element_type=\"widget\" data-settings=\"{&quot;_animation&quot;:&quot;fadeIn&quot;,&quot;_animation_delay&quot;:200}\" data-widget_type=\"image.default\">\n\t\t\t\t<div class=\"elementor-widget-container\">\n\t\t\t\t\t\t\t\t\t\t\t\t\t\t\t<img loading=\"lazy\" decoding=\"async\" width=\"800\" height=\"1006\" src=\"https:\/\/murielchazalon.fr\/wp-content\/uploads\/2024\/08\/BONJOUR-LE-SOLEIL-814x1024.jpg\" class=\"attachment-large size-large wp-image-654\" alt=\"\" srcset=\"https:\/\/murielchazalon.fr\/wp-content\/uploads\/2024\/08\/BONJOUR-LE-SOLEIL-814x1024.jpg 814w, https:\/\/murielchazalon.fr\/wp-content\/uploads\/2024\/08\/BONJOUR-LE-SOLEIL-238x300.jpg 238w, https:\/\/murielchazalon.fr\/wp-content\/uploads\/2024\/08\/BONJOUR-LE-SOLEIL-768x966.jpg 768w, https:\/\/murielchazalon.fr\/wp-content\/uploads\/2024\/08\/BONJOUR-LE-SOLEIL.jpg 1192w\" sizes=\"(max-width: 800px) 100vw, 800px\" \/>\t\t\t\t\t\t\t\t\t\t\t\t\t\t\t<\/div>\n\t\t\t\t<\/div>\n\t\t\t\t<\/div>\n\t\t<div class=\"elementor-element elementor-element-6e82c25e e-con-full e-flex e-con e-child\" data-id=\"6e82c25e\" data-element_type=\"container\">\n\t\t\t\t<div class=\"elementor-element elementor-element-7898db33 elementor-invisible elementor-widget elementor-widget-image\" data-id=\"7898db33\" data-element_type=\"widget\" data-settings=\"{&quot;_animation&quot;:&quot;fadeIn&quot;,&quot;_animation_delay&quot;:400}\" data-widget_type=\"image.default\">\n\t\t\t\t<div class=\"elementor-widget-container\">\n\t\t\t\t\t\t\t\t\t\t\t\t\t\t\t<img loading=\"lazy\" decoding=\"async\" width=\"800\" height=\"533\" src=\"https:\/\/murielchazalon.fr\/wp-content\/uploads\/2024\/08\/FIN-DE-JOURNEE-1024x682.jpg\" class=\"attachment-large size-large wp-image-618\" alt=\"\" srcset=\"https:\/\/murielchazalon.fr\/wp-content\/uploads\/2024\/08\/FIN-DE-JOURNEE-1024x682.jpg 1024w, https:\/\/murielchazalon.fr\/wp-content\/uploads\/2024\/08\/FIN-DE-JOURNEE-300x200.jpg 300w, https:\/\/murielchazalon.fr\/wp-content\/uploads\/2024\/08\/FIN-DE-JOURNEE-768x511.jpg 768w, https:\/\/murielchazalon.fr\/wp-content\/uploads\/2024\/08\/FIN-DE-JOURNEE.jpg 1500w\" sizes=\"(max-width: 800px) 100vw, 800px\" \/>\t\t\t\t\t\t\t\t\t\t\t\t\t\t\t<\/div>\n\t\t\t\t<\/div>\n\t\t\t\t<div class=\"elementor-element elementor-element-53e575a7 elementor-invisible elementor-widget elementor-widget-image\" data-id=\"53e575a7\" data-element_type=\"widget\" data-settings=\"{&quot;_animation&quot;:&quot;fadeIn&quot;,&quot;_animation_delay&quot;:600}\" data-widget_type=\"image.default\">\n\t\t\t\t<div class=\"elementor-widget-container\">\n\t\t\t\t\t\t\t\t\t\t\t\t\t\t\t<img loading=\"lazy\" decoding=\"async\" width=\"800\" height=\"513\" src=\"https:\/\/murielchazalon.fr\/wp-content\/uploads\/2024\/08\/DANSE-VEGETALE-1-1024x657.jpg\" class=\"attachment-large size-large wp-image-397\" alt=\"\" srcset=\"https:\/\/murielchazalon.fr\/wp-content\/uploads\/2024\/08\/DANSE-VEGETALE-1-1024x657.jpg 1024w, https:\/\/murielchazalon.fr\/wp-content\/uploads\/2024\/08\/DANSE-VEGETALE-1-300x192.jpg 300w, https:\/\/murielchazalon.fr\/wp-content\/uploads\/2024\/08\/DANSE-VEGETALE-1-768x493.jpg 768w, https:\/\/murielchazalon.fr\/wp-content\/uploads\/2024\/08\/DANSE-VEGETALE-1.jpg 1500w\" sizes=\"(max-width: 800px) 100vw, 800px\" \/>\t\t\t\t\t\t\t\t\t\t\t\t\t\t\t<\/div>\n\t\t\t\t<\/div>\n\t\t\t\t<\/div>\n\t\t<div class=\"elementor-element elementor-element-1271fdf4 e-con-full e-flex e-con e-child\" data-id=\"1271fdf4\" data-element_type=\"container\">\n\t\t\t\t<div class=\"elementor-element elementor-element-50cf40a9 elementor-cta--layout-image-right elementor-cta--valign-middle elementor-cta--mobile-layout-image-above elementor-cta--skin-classic elementor-animated-content elementor-widget elementor-widget-call-to-action\" data-id=\"50cf40a9\" data-element_type=\"widget\" data-widget_type=\"call-to-action.default\">\n\t\t\t\t<div class=\"elementor-widget-container\">\n\t\t\t\t\t\t\t<div class=\"elementor-cta\">\n\t\t\t\t\t\t\t<div class=\"elementor-cta__content\">\n\t\t\t\t\n\t\t\t\t\t\t\t\t\t<h2 class=\"elementor-cta__title elementor-cta__content-item elementor-content-item\">\n\t\t\t\t\t\tEnvie d'en (sa)voir plus ?\t\t\t\t\t<\/h2>\n\t\t\t\t\n\t\t\t\t\t\t\t\t\t<div class=\"elementor-cta__description elementor-cta__content-item elementor-content-item\">\n\t\t\t\t\t\tNous pouvons organiser une visite de l'atelier. \t\t\t\t\t<\/div>\n\t\t\t\t\n\t\t\t\t\t\t\t\t\t<div class=\"elementor-cta__button-wrapper elementor-cta__content-item elementor-content-item \">\n\t\t\t\t\t<a class=\"elementor-cta__button elementor-button elementor-size-\" href=\"https:\/\/murielchazalon.fr\/index.php\/contact\/\">\n\t\t\t\t\t\tContact\t\t\t\t\t<\/a>\n\t\t\t\t\t<\/div>\n\t\t\t\t\t\t\t<\/div>\n\t\t\t\t\t\t<\/div>\n\t\t\t\t\t\t<\/div>\n\t\t\t\t<\/div>\n\t\t\t\t<\/div>\n\t\t\t\t\t<\/div>\n\t\t\t\t<\/div>\n\t\t<div class=\"elementor-element elementor-element-105818a6 e-flex e-con-boxed e-con e-parent\" data-id=\"105818a6\" data-element_type=\"container\">\n\t\t\t\t\t<div class=\"e-con-inner\">\n\t\t<div class=\"elementor-element elementor-element-33464cd7 e-con-full e-flex e-con e-child\" data-id=\"33464cd7\" data-element_type=\"container\">\n\t\t\t\t<div class=\"elementor-element elementor-element-38999dc elementor-widget elementor-widget-heading\" data-id=\"38999dc\" data-element_type=\"widget\" data-widget_type=\"heading.default\">\n\t\t\t\t<div class=\"elementor-widget-container\">\n\t\t\t\t\t<h3 class=\"elementor-heading-title elementor-size-default\">Gardons le contact<\/h3>\t\t\t\t<\/div>\n\t\t\t\t<\/div>\n\t\t\t\t<div class=\"elementor-element elementor-element-7236d633 elementor-widget elementor-widget-text-editor\" data-id=\"7236d633\" data-element_type=\"widget\" data-widget_type=\"text-editor.default\">\n\t\t\t\t<div class=\"elementor-widget-container\">\n\t\t\t\t\t\t\t\t\t<p>Inscrivez-vous pour recevoir toutes mes actualit\u00e9s !<\/p>\t\t\t\t\t\t\t\t<\/div>\n\t\t\t\t<\/div>\n\t\t\t\t<div class=\"elementor-element elementor-element-33dd9887 elementor-button-align-end elementor-mobile-button-align-center elementor-widget elementor-widget-form\" data-id=\"33dd9887\" data-element_type=\"widget\" data-settings=\"{&quot;button_width&quot;:&quot;40&quot;,&quot;step_next_label&quot;:&quot;Suivant&quot;,&quot;step_previous_label&quot;:&quot;Pr\\u00e9c\\u00e9dent&quot;,&quot;step_type&quot;:&quot;number_text&quot;,&quot;step_icon_shape&quot;:&quot;circle&quot;}\" data-widget_type=\"form.default\">\n\t\t\t\t<div class=\"elementor-widget-container\">\n\t\t\t\t\t\t\t<form class=\"elementor-form\" method=\"post\" name=\"Newsletter Form\">\n\t\t\t<input type=\"hidden\" name=\"post_id\" value=\"76\"\/>\n\t\t\t<input type=\"hidden\" name=\"form_id\" value=\"33dd9887\"\/>\n\t\t\t<input type=\"hidden\" name=\"referer_title\" value=\"D\u00e9marche artistique\" \/>\n\n\t\t\t\t\t\t\t<input type=\"hidden\" name=\"queried_id\" value=\"76\"\/>\n\t\t\t\n\t\t\t<div class=\"elementor-form-fields-wrapper elementor-labels-\">\n\t\t\t\t\t\t\t\t<div class=\"elementor-field-type-email elementor-field-group elementor-column elementor-field-group-email elementor-col-60 elementor-sm-100 elementor-field-required\">\n\t\t\t\t\t\t\t\t\t\t\t\t<label for=\"form-field-email\" class=\"elementor-field-label elementor-screen-only\">\n\t\t\t\t\t\t\t\tEmail\t\t\t\t\t\t\t<\/label>\n\t\t\t\t\t\t\t\t\t\t\t\t\t\t<input size=\"1\" type=\"email\" name=\"form_fields[email]\" id=\"form-field-email\" class=\"elementor-field elementor-size-md  elementor-field-textual\" placeholder=\"Votre e-mail\" required=\"required\" aria-required=\"true\">\n\t\t\t\t\t\t\t\t\t\t\t<\/div>\n\t\t\t\t\t\t\t\t<div class=\"elementor-field-group elementor-column elementor-field-type-submit elementor-col-40 e-form__buttons\">\n\t\t\t\t\t<button class=\"elementor-button elementor-size-md\" type=\"submit\">\n\t\t\t\t\t\t<span class=\"elementor-button-content-wrapper\">\n\t\t\t\t\t\t\t\t\t\t\t\t\t\t\t\t\t\t\t\t\t\t<span class=\"elementor-button-text\">Envoyer<\/span>\n\t\t\t\t\t\t\t\t\t\t\t\t\t<\/span>\n\t\t\t\t\t<\/button>\n\t\t\t\t<\/div>\n\t\t\t<\/div>\n\t\t<\/form>\n\t\t\t\t\t\t<\/div>\n\t\t\t\t<\/div>\n\t\t\t\t<\/div>\n\t\t\t\t\t<\/div>\n\t\t\t\t<\/div>\n\t\t<div class=\"elementor-element elementor-element-14b5b676 e-flex e-con-boxed e-con e-parent\" data-id=\"14b5b676\" data-element_type=\"container\">\n\t\t\t\t\t<div class=\"e-con-inner\">\n\t\t\t\t\t<\/div>\n\t\t\t\t<\/div>\n\t\t\t\t<\/div>\n\t\t","protected":false},"excerpt":{"rendered":"<p>D\u00e9marche artistique Le processus cr\u00e9atif a pris du temps dans ma pratique. Mes premi\u00e8res ann\u00e9es furent consacr\u00e9es \u00e0 \u00e9couter, regarder, sentir, c\u00f4toyer les artistes, les sachants, les autodidactes, analyser les ma\u00eetres et aller vers mes \u00e9lans du c\u0153ur. Un apprentissage lent, humble et curieux. J\u2019ai tout mis dans ma besace, un vrac h\u00e9t\u00e9rog\u00e8ne, un joyeux [&hellip;]<\/p>\n","protected":false},"author":2,"featured_media":0,"parent":0,"menu_order":0,"comment_status":"closed","ping_status":"closed","template":"","meta":{"footnotes":""},"class_list":["post-76","page","type-page","status-publish","hentry"],"_links":{"self":[{"href":"https:\/\/murielchazalon.fr\/index.php\/wp-json\/wp\/v2\/pages\/76","targetHints":{"allow":["GET"]}}],"collection":[{"href":"https:\/\/murielchazalon.fr\/index.php\/wp-json\/wp\/v2\/pages"}],"about":[{"href":"https:\/\/murielchazalon.fr\/index.php\/wp-json\/wp\/v2\/types\/page"}],"author":[{"embeddable":true,"href":"https:\/\/murielchazalon.fr\/index.php\/wp-json\/wp\/v2\/users\/2"}],"replies":[{"embeddable":true,"href":"https:\/\/murielchazalon.fr\/index.php\/wp-json\/wp\/v2\/comments?post=76"}],"version-history":[{"count":46,"href":"https:\/\/murielchazalon.fr\/index.php\/wp-json\/wp\/v2\/pages\/76\/revisions"}],"predecessor-version":[{"id":4741,"href":"https:\/\/murielchazalon.fr\/index.php\/wp-json\/wp\/v2\/pages\/76\/revisions\/4741"}],"wp:attachment":[{"href":"https:\/\/murielchazalon.fr\/index.php\/wp-json\/wp\/v2\/media?parent=76"}],"curies":[{"name":"wp","href":"https:\/\/api.w.org\/{rel}","templated":true}]}}